{"id":652,"date":"2023-04-18T19:44:34","date_gmt":"2023-04-18T19:44:34","guid":{"rendered":"https:\/\/www.biosinternationalinstitute.com\/?page_id=652"},"modified":"2023-04-26T14:51:59","modified_gmt":"2023-04-26T14:51:59","slug":"carreras-tecnicas","status":"publish","type":"page","link":"https:\/\/www.biosinternationalinstitute.com\/en\/carreras-tecnicas\/","title":{"rendered":"CARRERAS T\u00c9CNICAS"},"content":{"rendered":"<div  data-label=\"Features\" data-id=\"features--1\" data-export-id=\"features-16-card-bordered\" data-category=\"features\" class=\"features-16-card-bordered content-section content-section-spacing\" id=\"features-1\" style=\"background-color: rgb(255, 255, 255);\"><div  class=\"gridContainer\"> <div  class=\"row text-center\"><div  class=\"section-title-col\" data-type=\"column\">  <p  class=\"lead\">La formaci\u00f3n T\u00e9cnica Laboral es clave para el inicio de un crecimiento personal y laboral entrando al mercado competitivamente en corto tiempo,  transformado la vida  en oportunidades de mejorar la calidad de vida de ellos.<br >\r\nDentro de nuestros programas acad\u00e9micos contamos con modalidades semipresenciales, presencial o virtuales.\r\n<br ><span  style=\"font-weight: 700; color: rgb(115, 172, 247);\">SEMIPRESENCIALES \u2013 VIRTUAL<\/span><\/p><\/div> <\/div> <div  class=\"row spaced-cols\" data-type=\"row\"> <div  class=\"col-xs-12 col-sm-6 col-md-6\"> <div  class=\"card no-padding bordered y-move\"> <img  decoding=\"async\" class=\"face\" src=\"https:\/\/www.biosinternationalinstitute.com\/wp-content\/uploads\/2023\/04\/cropped-Adtvo.jpg\" title=\"cropped-Adtvo.jpg\" alt=\"\"> <div  data-type=\"column\" class=\"col-padding-small col-padding-small-xs description-container\"> <h4  class=\"font-500\"><span  style=\"font-family: &quot;Open Sans&quot;, arial, helvetica, sans-serif; font-weight: 700;\">T\u00c9CNICO EN COSMETOLOG\u00cdA Y EST\u00c9TICA INTEGRAL<\/span><\/h4> <p  class=\"\">Modalidad de estudio: SEMIPRESENCIALES \u2013 VIRTUAL<br >\r\nTiempo Estudio: 3 Semestres<br >\r\nHorarios Flexibles<\/p><\/div> <div  data-type=\"column\" class=\"col-padding-small col-padding-small-xs read-more-container\"><\/div> <\/div><\/div> <div  class=\"col-xs-12 col-sm-6 col-md-6\"><div  class=\"card no-padding bordered y-move\"> <img  decoding=\"async\" class=\"face\" src=\"https:\/\/www.biosinternationalinstitute.com\/wp-content\/plugins\/mesmerize-companion\/theme-data\/mesmerize\/sections\/images\/apple-1838564.jpg\"> <div  data-type=\"column\" class=\"col-padding-small col-padding-small-xs description-container\"> <h4  class=\"font-500\"><span  style=\"font-family: &quot;Open Sans&quot;, arial, helvetica, sans-serif; font-weight: 700;\">T\u00c9CNICO EN AUXILIAR ADMINISTRATIVO EN SALUD<\/span><\/h4> <p  class=\"\">Modalidad de estudio: SEMIPRESENCIALES \u2013 VIRTUAL<br >\r\nTiempo Estudio: 3 Semestres<br >\r\nHorarios Flexibles<\/p><\/div> <div  data-type=\"column\" class=\"col-padding-small col-padding-small-xs read-more-container\"><\/div> <\/div><\/div> <div  class=\"col-xs-12 col-sm-6 col-md-6\"><div  class=\"card no-padding bordered y-move\"> <img  decoding=\"async\" class=\"face\" src=\"https:\/\/www.biosinternationalinstitute.com\/wp-content\/plugins\/mesmerize-companion\/theme-data\/mesmerize\/sections\/images\/laptop-2559795.jpg\"> <div  data-type=\"column\" class=\"col-padding-small col-padding-small-xs description-container\"> <h4  class=\"font-500\"><span  style=\"font-family: &quot;Open Sans&quot;, arial, helvetica, sans-serif; font-weight: 700;\">T\u00c9CNICO  AUXILIAR DE ENFERMER\u00cdA<\/span><\/h4> <p  class=\"\">Modalidad de estudio: SEMIPRESENCIALES \u2013 VIRTUAL<br >\r\nTiempo Estudio: 3 Semestres<br >\r\nHorarios Flexibles<\/p><\/div> <div  data-type=\"column\" class=\"col-padding-small col-padding-small-xs read-more-container\"><\/div> <\/div><\/div> <div  class=\"col-xs-12 col-sm-6 col-md-6\"> <div  class=\"card no-padding bordered y-move\"> <img  decoding=\"async\" class=\"face\" src=\"https:\/\/www.biosinternationalinstitute.com\/wp-content\/uploads\/2018\/06\/cropped-pexels-photo-68704-1.jpeg\" title=\"cropped-pexels-photo-68704-1.jpeg\" alt=\"\"> <div  data-type=\"column\" class=\"col-padding-small col-padding-small-xs description-container\"> <h4  class=\"font-500\"><span  style=\"font-family: &quot;Open Sans&quot;, arial, helvetica, sans-serif; font-weight: 700;\">HOMOLOGACI\u00d3N<\/span><\/h4> <p  class=\"\">Homologamos los conocimientos, experiencias certificadas y estudios adquiridos para la formaci\u00f3n formalizada a trav\u00e9s de nuestras carreras t\u00e9cnicas.<\/p><\/div> <div  data-type=\"column\" class=\"col-padding-small col-padding-small-xs read-more-container\"><\/div> <\/div><\/div><\/div><\/div> <\/div>","protected":false},"excerpt":{"rendered":"<p>La formaci\u00f3n T\u00e9cnica Laboral es clave para el inicio de un crecimiento personal y laboral entrando al mercado competitivamente en corto tiempo, transformado la vida en oportunidades de mejorar la calidad de vida de ellos. Dentro de nuestros programas acad\u00e9micos contamos con modalidades semipresenciales, presencial o virtuales. SEMIPRESENCIALES \u2013 VIRTUAL T\u00c9CNICO EN COSMETOLOG\u00cdA Y EST\u00c9TICA&hellip; <br \/> <a class=\"read-more\" href=\"https:\/\/www.biosinternationalinstitute.com\/en\/carreras-tecnicas\/\">Read more<\/a><\/p>","protected":false},"author":1,"featured_media":0,"parent":0,"menu_order":0,"comment_status":"closed","ping_status":"closed","template":"pro\/page-templates\/full-width-page.php","meta":{"footnotes":""},"class_list":["post-652","page","type-page","status-publish","hentry"],"_links":{"self":[{"href":"https:\/\/www.biosinternationalinstitute.com\/en\/wp-json\/wp\/v2\/pages\/652","targetHints":{"allow":["GET"]}}],"collection":[{"href":"https:\/\/www.biosinternationalinstitute.com\/en\/wp-json\/wp\/v2\/pages"}],"about":[{"href":"https:\/\/www.biosinternationalinstitute.com\/en\/wp-json\/wp\/v2\/types\/page"}],"author":[{"embeddable":true,"href":"https:\/\/www.biosinternationalinstitute.com\/en\/wp-json\/wp\/v2\/users\/1"}],"replies":[{"embeddable":true,"href":"https:\/\/www.biosinternationalinstitute.com\/en\/wp-json\/wp\/v2\/comments?post=652"}],"version-history":[{"count":16,"href":"https:\/\/www.biosinternationalinstitute.com\/en\/wp-json\/wp\/v2\/pages\/652\/revisions"}],"predecessor-version":[{"id":897,"href":"https:\/\/www.biosinternationalinstitute.com\/en\/wp-json\/wp\/v2\/pages\/652\/revisions\/897"}],"wp:attachment":[{"href":"https:\/\/www.biosinternationalinstitute.com\/en\/wp-json\/wp\/v2\/media?parent=652"}],"curies":[{"name":"wp","href":"https:\/\/api.w.org\/{rel}","templated":true}]}}