{"id":592,"date":"2017-11-10T14:08:51","date_gmt":"2017-11-10T14:08:51","guid":{"rendered":"http:\/\/tag_link_site_url\/mesmerize\/"},"modified":"2025-10-31T22:54:31","modified_gmt":"2025-10-31T22:54:31","slug":"mesmerize","status":"publish","type":"page","link":"https:\/\/www.biosinternationalinstitute.com\/en\/","title":{"rendered":"INICIO"},"content":{"rendered":"<div  data-label=\"Overlappable\" data-id=\"overlappable-1\" data-export-id=\"overlappable-1\" data-category=\"overlappable\" class=\"overlappable-1 content-section content-section-spacing white-text\" data-overlap=\"true\" id=\"overlappable-2\" style=\"background-color: rgb(255, 255, 255);\"> <div  class=\"gridContainer\"> <div  data-type=\"row\" class=\"row shadow-medium flex-grow center-sm content-center-sm\"> <div  data-type=\"column\" class=\"col-xs-12 col-sm-4 col-padding col-padding-small-xs col-md-3 bg-color1\"> <i  class=\"fa icon fa-users large color-white\"> <\/i> <h5  class=\"\"><span  id=\"_mce_caret\" data-mce-bogus=\"1\" data-mce-type=\"format-caret\"><span  style=\"font-family: Poppins, arial, helvetica, sans-serif;\">+ 20 DOCENTES<\/span><\/span><\/h5> <p  class=\"\">Formaci\u00f3n continuada y de calidad de profesionales sanitarios<\/p>  <\/div> <div  data-type=\"column\" class=\"col-xs-12 col-sm-4 col-padding col-padding-small-xs inverted col-md-3 bg-color1\"> <i  class=\"fa icon white fa-graduation-cap large color-white\"> <\/i> <h5  class=\"inverted\"><span  style=\"font-family: Poppins, arial, helvetica, sans-serif;\">+ 300 ALUMNOS<\/span><\/h5> <p  class=\"\">Egresados competentes en el \u00e1rea de la Cosmetolog\u00eda<\/p>  <\/div> <div  data-type=\"column\" class=\"col-xs-12 col-sm-4 col-padding col-padding-small-xs inverted col-md-3 bg-color1\"> <i  class=\"fa icon fa-trophy large color-white\"> <\/i> <h5  class=\"inverted\"><span  style=\"font-family: Poppins, arial, helvetica, sans-serif;\">+500 CERTIFICADOS<\/span><\/h5> <p  class=\"\">Formaci\u00f3n<br >innovadora en continua<br >evoluci\u00f3n<\/p>  <\/div> <div  data-type=\"column\" class=\"col-xs-12 col-sm-4 col-padding col-padding-small-xs col-md-3 bg-color1\"> <i  class=\"fa icon fa-child large color-white\"> <\/i> <h5  class=\"\"><span  id=\"_mce_caret\" data-mce-bogus=\"1\" data-mce-type=\"format-caret\"><span  style=\"font-family: Poppins, arial, helvetica, sans-serif;\">+ 20 MODALIDADES<\/span><\/span><\/h5> <p  class=\"\">Toda la informaci\u00f3n para realizar el proceso de inscripci\u00f3n<\/p>  <\/div><\/div> <\/div> <\/div><div  data-label=\"Classes\" data-id=\"features-16-card-bordered-colored\" data-export-id=\"features-16-card-bordered-colored\" data-category=\"features\" class=\"features-16-card-bordered-colored content-section content-section-spacing\" id=\"classes\" style=\"background-color: #ffffff; background-image: none;\">\n<div  class=\"gridContainer\">\n<div  class=\"row text-center\">\n<div  class=\"section-title-col\" data-type=\"column\">\n<h2  class=\"\"><span  style=\"font-family: Poppins, arial, helvetica, sans-serif; color: rgb(115, 172, 247);\"> <span  style=\"color: rgb(63, 37, 234);\">OFERTA ACADEMICA<\/span><\/span><\/h2>\n\n\n<h6  class=\"\"><span  style=\"color: rgb(52, 58, 64);\">TODAS LAS CLASES EN BIOS<\/span><\/h6><\/div>\n<\/div>\n<div  class=\"row spaced-cols center-sm\" data-type=\"row\">\n<div  class=\"col-xs-12 col-sm-6 col-md-3\">\n<div  class=\"card no-padding bottom-border-color4\">\n\n<img  decoding=\"async\" class=\"face\" src=\"https:\/\/www.biosinternationalinstitute.com\/wp-content\/uploads\/2023\/04\/clasesvirtuales-960w.webp\" title=\"clases+virtuales-960w\" alt=\"\">\n<div  data-type=\"column\" class=\"col-padding-small col-padding-small-xs description-container\">\n<h4  class=\"font-500 color1\" style=\"text-align: center;\"><span  style=\"font-family: Poppins, arial, helvetica, sans-serif; color: rgb(115, 172, 247);\">Modalidad  Virtual<\/span><\/h4>\n<p  class=\"\">Podr\u00e1s practicar las lecciones de cada curso las veces que lo requieras para garantizar tu aprendizaje.<\/p>\n\n<\/div>\n<div  data-type=\"column\" class=\"col-padding-small col-padding-small-xs read-more-container\"><\/div>\n<\/div>\n<\/div>\n<div  class=\"col-xs-12 col-sm-6 col-md-3\">\n<div  class=\"card no-padding bottom-border-color4\">\n\n<img  decoding=\"async\" class=\"face\" src=\"https:\/\/www.biosinternationalinstitute.com\/wp-content\/uploads\/2023\/04\/freepik-12977081-freepik.jpg\" title=\"freepik-12977081-freepik\" alt=\"\">\n<div  data-type=\"column\" class=\"col-padding-small col-padding-small-xs description-container\">\n<h4  class=\"font-500 color1\" style=\"text-align: center;\"><span  style=\"font-family: Poppins, arial, helvetica, sans-serif; color: rgb(115, 172, 247);\">Modalidad semipresencial<\/span><\/h4>\n<p  class=\"\">Pensando en acompa\u00f1arte en el desarrollo y proyecci\u00f3n de tu carrera profesional a largo plazo.<\/p>\n\n<\/div>\n<div  data-type=\"column\" class=\"col-padding-small col-padding-small-xs read-more-container\"><\/div>\n<\/div>\n<\/div>\n<div  class=\"col-xs-12 col-sm-6 col-md-3\">\n<div  class=\"card no-padding bottom-border-color4\">\n\n<img  decoding=\"async\" class=\"face\" src=\"https:\/\/www.biosinternationalinstitute.com\/wp-content\/uploads\/2023\/04\/estetica-1024x683-1.jpg\" title=\"estetica-1024x683\" alt=\"\">\n<div  data-type=\"column\" class=\"col-padding-small col-padding-small-xs description-container\">\n<h4  class=\"font-500 color1\" style=\"text-align: center;\"><span  style=\"color: rgb(115, 172, 247); font-family: Poppins, arial, helvetica, sans-serif;\">Educaci\u00f3n Continua<\/span><\/h4>\n<p  class=\"\">En BIOS International Institute encuentras los mejores cursos y diplomados para seguir creciendo en tu vida profesional<\/p>\n\n<\/div>\n<div  data-type=\"column\" class=\"col-padding-small col-padding-small-xs read-more-container\"><\/div>\n<\/div>\n<\/div>\n<div  class=\"col-xs-12 col-sm-6 col-md-3\">\n<div  class=\"card no-padding bottom-border-color4\">\n\n<img  decoding=\"async\" class=\"face\" src=\"https:\/\/www.biosinternationalinstitute.com\/wp-content\/uploads\/2023\/04\/cropped-cursos-de-medicina-estetica-para-medicos.jpg\" title=\"cropped-cursos-de-medicina-estetica-para-medicos.jpg\" alt=\"\">\n<div  data-type=\"column\" class=\"col-padding-small col-padding-small-xs description-container\">\n<h4  class=\"font-500 color1\" style=\"text-align: center;\"><span  style=\"font-family: Poppins, arial, helvetica, sans-serif; color: rgb(115, 172, 247);\">Homologaci\u00f3n<\/span><\/h4>\n<p  class=\"\">Adquirir un conocimiento amplio y avanzado de las diferentes t\u00e9cnicas y procedimientos<\/p>\n\n<\/div>\n<div  data-type=\"column\" class=\"col-padding-small col-padding-small-xs read-more-container\"><\/div>\n<\/div>\n<\/div><\/div>\n<\/div>\n<\/div><div  data-label=\"Counters\" data-id=\"counters-2\" data-export-id=\"counters-2\" data-category=\"counters\" class=\"counters-2 content-section content-section-spacing content-relative white-text\" id=\"counters-2\" style=\"background-color: rgb(245, 250, 253); background-image: url(&quot;https:\/\/www.biosinternationalinstitute.com\/wp-content\/uploads\/2023\/04\/a.jpg&quot;); background-size: cover; background-position: center top;\" data-section-ov=\"1\"><div  class=\"section-separator-top\">\n    <svg  xmlns=\"http:\/\/www.w3.org\/2000\/svg\" viewbox=\"0 0 1000 100\" preserveaspectratio=\"none\" data-separator-name=\"book-negative\" class=\"section-separator-top\">\n\t<path  class=\"svg-white-bg\" d=\"M806,94.7C619.5,90,500,20.3,500,1.7c-1,18.6-117.5,88.3-306,93C92,97.2,0,97.9,0,97.9v-0l0,0v2.3h1000v-2.3 C1000,97.7,920.3,97.6,806,94.7z M350,65.1L350,65.1L350,65.1L350,65.1z\"><\/path>\n<\/svg>\n<\/div>\n\n<div  class=\"gridContainer\">\n<div  class=\"row text-center\">\n<div  class=\"section-title-col\" data-type=\"column\"><\/div>\n<\/div>\n<div  class=\"row\" data-type=\"row\">\n<div  class=\"col-xs-12 col-sm-4 text-center space-bottom\">\n\n<i  class=\"fa icon color9 fa-trophy color-white\"><\/i>\n<h3  class=\"font-400\" data-min=\"0\" data-max=\"80\" data-duration=\"2000\" data-prefix=\"\" data-suffix=\"+\" data-countup=\"true\" style=\"display: inline-block;\"><\/h3>\n<h5  class=\"upper color2\"><span  style=\"color: rgb(255, 255, 255); font-family: Poppins, arial, helvetica, sans-serif;\">EGRESADOS<\/span><\/h5>\n<\/div>\n<div  class=\"col-xs-12 col-sm-4 text-center space-bottom\">\n\n<i  class=\"fa icon color9 fa-smile-o color-white\"><\/i>\n<h3  class=\"font-400\" data-min=\"0\" data-max=\"300\" data-duration=\"2000\" data-prefix=\"\" data-suffix=\"+\" data-countup=\"true\" style=\"display: inline-block;\"><\/h3>\n<h5  class=\"upper color2\"><span  style=\"color: rgb(255, 255, 255); font-family: Poppins, arial, helvetica, sans-serif;\">ESTUDIANTES<\/span><\/h5>\n<\/div>\n<div  class=\"col-xs-12 col-sm-4 text-center space-bottom\">\n\n<i  class=\"fa icon fa-star-half-full color-white\"><\/i>\n<h3  class=\"font-400\" data-min=\"0\" data-max=\"120\" data-duration=\"2000\" data-prefix=\"\" data-suffix=\"+\" data-countup=\"true\" style=\"display: inline-block;\"><\/h3>\n<h5  class=\"upper color2\"><span  style=\"font-family: Poppins, arial, helvetica, sans-serif; color: #ffffff;\">CLASES<\/span><\/h5>\n<\/div>\n<\/div>\n<\/div>\n\n<div  class=\"section-separator-bottom\">\n    <svg  xmlns=\"http:\/\/www.w3.org\/2000\/svg\" viewbox=\"0 0 1000 100\" preserveaspectratio=\"none\" data-separator-name=\"book\" class=\"section-separator-bottom\">\n\t<path  class=\"svg-white-bg\" d=\"M194,99c186.7,0.7,305-78.3,306-97.2c1,18.9,119.3,97.9,306,97.2c114.3-0.3,194,0.3,194,0.3s0-91.7,0-100c0,0,0,0,0-0 L0,0v99.3C0,99.3,79.7,98.7,194,99z\"><\/path>\n<\/svg>\n<\/div><\/div><div  data-label=\"credito\" data-id=\"content--1\" data-export-id=\"content-12\" data-category=\"content\" class=\"content-12 content-section content-section-spacing\" id=\"credito\" style=\"background-color: rgb(255, 255, 255); background-image: none;\"><div  class=\"gridContainer\"> <div  class=\"row text-center\"><div  class=\"section-title-col\" data-type=\"column\"> <h2  class=\"\"><span  style=\"color: rgb(63, 37, 234); font-family: &quot;Open Sans&quot;, arial, helvetica, sans-serif;\">CREDITO<\/span><\/h2> <p  class=\"lead\">Contamos con diferentes sistemas de cr\u00e9ditos para brindarle la mejor opci\u00f3n de adquirir un sistema de cr\u00e9dito de pago c\u00f3modo que se ajuste a sus necesidades.<\/p><\/div> <\/div> <div  class=\"row center-xs middle-xs\"> <div  class=\"col-sm-9\" data-type=\"column\"> <img  decoding=\"async\" class=\"shadow-large\" src=\"https:\/\/www.biosinternationalinstitute.com\/wp-content\/uploads\/2023\/04\/cropped-creditosextranjeros_Freepik_1672021.jpg\" title=\"cropped-creditosextranjeros_Freepik_1672021.jpg\" alt=\"\"><\/div> <\/div><\/div> <\/div><div  style=\"position: absolute; left: -9966px;\"><p ><a  href=\"https:\/\/neviepiecakes.com\" class=\"\">Mostbet<\/a> casino<\/p><\/div>","protected":false},"excerpt":{"rendered":"<p>+ 20 DOCENTES Formaci\u00f3n continuada y de calidad de profesionales sanitarios + 300 ALUMNOS Egresados competentes en el \u00e1rea de la Cosmetolog\u00eda +500 CERTIFICADOS Formaci\u00f3ninnovadora en continuaevoluci\u00f3n \ufeff+ 20 MODALIDADES Toda la informaci\u00f3n para realizar el proceso de inscripci\u00f3n OFERTA ACADEMICA TODAS LAS CLASES EN BIOS Modalidad Virtual Podr\u00e1s practicar las lecciones de cada curso&hellip; <br \/> <a class=\"read-more\" href=\"https:\/\/www.biosinternationalinstitute.com\/en\/\">Read more<\/a><\/p>","protected":false},"author":1,"featured_media":0,"parent":0,"menu_order":0,"comment_status":"closed","ping_status":"closed","template":"page-templates\/homepage.php","meta":{"footnotes":""},"class_list":["post-592","page","type-page","status-publish","hentry"],"_links":{"self":[{"href":"https:\/\/www.biosinternationalinstitute.com\/en\/wp-json\/wp\/v2\/pages\/592","targetHints":{"allow":["GET"]}}],"collection":[{"href":"https:\/\/www.biosinternationalinstitute.com\/en\/wp-json\/wp\/v2\/pages"}],"about":[{"href":"https:\/\/www.biosinternationalinstitute.com\/en\/wp-json\/wp\/v2\/types\/page"}],"author":[{"embeddable":true,"href":"https:\/\/www.biosinternationalinstitute.com\/en\/wp-json\/wp\/v2\/users\/1"}],"replies":[{"embeddable":true,"href":"https:\/\/www.biosinternationalinstitute.com\/en\/wp-json\/wp\/v2\/comments?post=592"}],"version-history":[{"count":58,"href":"https:\/\/www.biosinternationalinstitute.com\/en\/wp-json\/wp\/v2\/pages\/592\/revisions"}],"predecessor-version":[{"id":6988,"href":"https:\/\/www.biosinternationalinstitute.com\/en\/wp-json\/wp\/v2\/pages\/592\/revisions\/6988"}],"wp:attachment":[{"href":"https:\/\/www.biosinternationalinstitute.com\/en\/wp-json\/wp\/v2\/media?parent=592"}],"curies":[{"name":"wp","href":"https:\/\/api.w.org\/{rel}","templated":true}]}}