{"id":587,"date":"2018-03-22T09:39:50","date_gmt":"2018-03-22T09:39:50","guid":{"rendered":"http:\/\/preschool.selena-work.cloud-press.net\/?page_id=129"},"modified":"2023-04-27T12:56:07","modified_gmt":"2023-04-27T12:56:07","slug":"quienes-somos","status":"publish","type":"page","link":"https:\/\/www.biosinternationalinstitute.com\/en\/quienes-somos\/","title":{"rendered":"QUIENES SOMOS"},"content":{"rendered":"<div  data-label=\"Testimonials\" data-id=\"testimonials-2\" data-export-id=\"testimonials-1\" data-category=\"testimonials\" class=\"testimonials-1 content-section content-section-spacing content-relative\" id=\"testimonials-2\" style=\"background-color: rgb(255, 255, 255); background-image: none;\"> <div  class=\"gridContainer\"> <div  class=\"row\"> <div  data-type=\"column\" class=\"section-title-col\"> <h2  class=\"\"><span  style=\"font-family: &quot;Open Sans&quot;, arial, helvetica, sans-serif; color: rgb(115, 172, 247);\">BIOS<\/span><\/h2>  <h6  class=\"\">INTERNATIONAL INSTITUTE<\/h6><\/div> <\/div> <div  class=\"row spaced-cols content-center-sm center-sm\" data-type=\"row\">   <div  class=\"col-sm-4 col-md-12\"> <i  class=\"fa icon fa-quote-right large color1\"><\/i> <p  class=\"\">Somos una instituci\u00f3n privada conformadas por un grupo de profesionales que brinda servicios educativos a trav\u00e9s de programas de formaci\u00f3n continua, o formaci\u00f3n complementaria en modalidad virtual o presencial a nivel nacional, con el apoyo acad\u00e9mico de una plataforma virtual amigable que nos permite generar conocimiento en red.<br >\nContamos en este momento en procesos de inscripci\u00f3n en nuestro portafolio educativo presencial o virtual.<\/p> <img  decoding=\"async\" src=\"https:\/\/www.biosinternationalinstitute.com\/wp-content\/uploads\/2023\/04\/logo-1-min-1.png\" class=\"round icon\" title=\"logo 1-min\" alt=\"\"> <h5  class=\"\">Colombia<\/h5> <p  class=\"small\" style=\"font-style: italic;\">Pensum aprobado por el Ministerio de Educaci\u00f3n Nacional, Ministerio de la Protecci\u00f3n Social y Secretaria de Educaci\u00f3n de Bogot\u00e1, seg\u00fan Resoluci\u00f3n Numero 10-1522 del 23 de Diciembre de 2017<\/p> <\/div> <\/div> <\/div> <\/div><div  data-label=\"Overlappable\" data-id=\"overlappable--1\" data-export-id=\"overlappable-1\" data-category=\"overlappable\" class=\"overlappable-1 content-section content-section-spacing\" data-overlap=\"true\" id=\"overlappable-1\" style=\"background-color: rgb(255, 255, 255);\"><div  class=\"gridContainer\"> <div  data-type=\"row\" class=\"row shadow-medium\"><div  data-type=\"column\" class=\"col-xs-12 col-sm-4 flexcol col-padding col-padding-small-xs col-md-6 bg-color-white\"> <i  class=\"fa icon fa-forumbee color1\"><\/i> <h5  class=\"\">MISI\u00d3N<\/h5> <p  class=\"\">En BIOS INTERNATIONAL INSTITUTE, nos comprometemos a brindar una formaci\u00f3n de calidad en el campo de la medicina est\u00e9tica, enfocada en la pr\u00e1ctica y la rigurosidad cient\u00edfica. Buscamos formar profesionales altamente capacitados que puedan ejercer con excelencia, \u00e9tica y responsabilidad en un mercado cada vez m\u00e1s competitivo y exigente. Contamos con una plataforma amigable que nos permite el aprendizaje mucho m\u00e1s f\u00e1cil y practico permitiendo acomodarse a la necesidad del alumno.<\/p> <\/div> <div  data-type=\"column\" class=\"col-xs-12 col-sm-4 flexcol col-padding col-padding-small-xs inverted col-md-6 bg-color1\"><i  class=\"fa icon fa-cubes white\"><\/i> <h5  class=\"inverted\">VISI\u00d3N<\/h5> <p  class=\"\">Nuestra visi\u00f3n en BIOS INTERNATIONAL INSTITUTE es convertirnos en un referente a nivel internacional en la formaci\u00f3n de profesionales de la medicina est\u00e9tica, reconocidos por su excelencia acad\u00e9mica y pr\u00e1ctica. Buscamos ser una instituci\u00f3n l\u00edder en el sector, que promueva la investigaci\u00f3n, la innovaci\u00f3n y el compromiso social, para contribuir al desarrollo y mejora de la salud y el bienestar de las personas<\/p> <\/div>  <\/div><\/div> <\/div><div data-label=\"Overlappable\" data-id=\"overlappable--2\" data-export-id=\"overlappable-2\" data-category=\"overlappable\" class=\"overlappable-2 content-section content-section-spacing\" data-overlap=\"true\" id=\"overlappable-2\"  style=\"background-color: rgb(255, 255, 255);\"><div class=\"gridContainer\" > <div class=\"row middle-sm shadow-medium bg-color-white\" ><div class=\"col-xs-12 col-sm-4 top-sm col-padding col-padding-xs\" data-type=\"column\" > <h3 class=\"font-300\" ><span style=\"font-weight: 900; color: rgb(115, 172, 247);\" >BIENESTAR UNIVERSITARIO<\/span><\/h3> <p class=\"\" ><span style=\"font-weight: 700;\" >BIBLIOTECA VIRTUAL<\/span><br ><a data-mce-href=\"https:\/\/www.ellibrototal.com\/ltotal\/\" href=\"https:\/\/www.ellibrototal.com\/ltotal\/\" target=\"_self\" data-mce-selected=\"inline-boundary\" data-cp-link=\"1\" rel=\"noopener\">Biblioteca el libro total<\/a><br >\n<a data-mce-href=\"https:\/\/www.banrepcultural.org\/biblioteca-virtual\" href=\"https:\/\/www.banrepcultural.org\/biblioteca-virtual\" target=\"_self\" data-mce-selected=\"inline-boundary\" data-cp-link=\"1\" rel=\"noopener\">Biblioteca Virtual Biblioteca Luis \u00c1ngel Arango<\/a><a data-mce-href=\"https:\/\/bibliotecanacional.gov.co\/es-co\" href=\"https:\/\/bibliotecanacional.gov.co\/es-co\" target=\"_self\" data-mce-selected=\"inline-boundary\" data-cp-link=\"1\" rel=\"noopener\">Biblioteca Nacional<\/a><\/p> <\/div> <div class=\"col-xs-12 col-sm-8\" ><div data-type=\"row\" class=\"row\" > <div class=\"col-xs-12 col-sm-6 col-padding col-padding-small-xs\" ><i class=\"fa icon bordered round fa-paper-plane color1\" ><\/i> <h5 class=\"\" >CONVENIO EMPRESARIAL<\/h5> <p class=\"\" >A trav\u00e9s de nuestros convenios empresariales te damos la oportunidad de aplicar tu hoja de vida para modelo pr\u00e1ctica empresarial.<\/p><img decoding=\"async\"  class=\"custom-image\" src=\"https:\/\/www.biosinternationalinstitute.com\/wp-content\/uploads\/2023\/04\/a-1.jpg\" title=\"a\" alt=\"\"><\/div> <div class=\"col-xs-12 col-sm-6 col-padding col-padding-small-xs\" ><i class=\"fa icon fa-user-circle bordered round color1\" ><\/i> <h5 class=\"\" >SEGURO ESTUDIANTIL<\/h5> <p class=\"\" >Es un seguro de bajo costo. Ofrece cobertura durante la jornada estudiantil, en actividades extracurriculares, durante los fines de semana. Ofrece una amplia red nacional de servicios de salud.<\/p><img decoding=\"async\"  class=\"custom-image\" src=\"https:\/\/www.biosinternationalinstitute.com\/wp-content\/uploads\/2023\/04\/cropped-b-1.jpg\" title=\"b\" alt=\"\"><\/div>   <\/div><\/div> <\/div><\/div> <\/div>","protected":false},"excerpt":{"rendered":"<p>BIOS INTERNATIONAL INSTITUTE Somos una instituci\u00f3n privada conformadas por un grupo de profesionales que brinda servicios educativos a trav\u00e9s de programas de formaci\u00f3n continua, o formaci\u00f3n complementaria en modalidad virtual o presencial a nivel nacional, con el apoyo acad\u00e9mico de una plataforma virtual amigable que nos permite generar conocimiento en red. Contamos en este momento&hellip; <br \/> <a class=\"read-more\" href=\"https:\/\/www.biosinternationalinstitute.com\/en\/quienes-somos\/\">Read more<\/a><\/p>","protected":false},"author":1,"featured_media":0,"parent":0,"menu_order":0,"comment_status":"closed","ping_status":"closed","template":"pro\/page-templates\/full-width-page.php","meta":{"footnotes":""},"class_list":["post-587","page","type-page","status-publish","hentry"],"_links":{"self":[{"href":"https:\/\/www.biosinternationalinstitute.com\/en\/wp-json\/wp\/v2\/pages\/587","targetHints":{"allow":["GET"]}}],"collection":[{"href":"https:\/\/www.biosinternationalinstitute.com\/en\/wp-json\/wp\/v2\/pages"}],"about":[{"href":"https:\/\/www.biosinternationalinstitute.com\/en\/wp-json\/wp\/v2\/types\/page"}],"author":[{"embeddable":true,"href":"https:\/\/www.biosinternationalinstitute.com\/en\/wp-json\/wp\/v2\/users\/1"}],"replies":[{"embeddable":true,"href":"https:\/\/www.biosinternationalinstitute.com\/en\/wp-json\/wp\/v2\/comments?post=587"}],"version-history":[{"count":13,"href":"https:\/\/www.biosinternationalinstitute.com\/en\/wp-json\/wp\/v2\/pages\/587\/revisions"}],"predecessor-version":[{"id":942,"href":"https:\/\/www.biosinternationalinstitute.com\/en\/wp-json\/wp\/v2\/pages\/587\/revisions\/942"}],"wp:attachment":[{"href":"https:\/\/www.biosinternationalinstitute.com\/en\/wp-json\/wp\/v2\/media?parent=587"}],"curies":[{"name":"wp","href":"https:\/\/api.w.org\/{rel}","templated":true}]}}