{"id":583,"date":"2018-03-21T13:13:24","date_gmt":"2018-03-21T13:13:24","guid":{"rendered":"http:\/\/preschool.selena-work.cloud-press.net\/?page_id=14"},"modified":"2023-04-26T14:49:59","modified_gmt":"2023-04-26T14:49:59","slug":"educacion","status":"publish","type":"page","link":"https:\/\/www.biosinternationalinstitute.com\/en\/educacion\/","title":{"rendered":"EDUCACI\u00d3N CONTINUA"},"content":{"rendered":"<div  data-label=\"cursos\" data-id=\"features-16-card-bordered-colored\" data-export-id=\"features-16-card-bordered-colored\" data-category=\"features\" class=\"features-16-card-bordered-colored content-section content-section-spacing content-relative\" id=\"cursos\" style=\"background-color: rgb(255, 255, 255); background-image: none;\"> <div  class=\"gridContainer\"> <div  class=\"row text-center\"> <div  class=\"section-title-col\" data-type=\"column\">   <\/div> <\/div> <div  class=\"row spaced-cols content-center-sm center-sm\" data-type=\"row\">  <div  class=\"col-xs-12 col-sm-6 col-md-6\"> <div  class=\"card no-padding bottom-border-color1\"> <img  decoding=\"async\" class=\"face\" src=\"https:\/\/www.biosinternationalinstitute.com\/wp-content\/uploads\/2023\/04\/img_db71ab5552a8fcddd62131bf95963ab8.jpg\" title=\"img_db71ab5552a8fcddd62131bf95963ab8\" alt=\"\"> <div  data-type=\"column\" class=\"col-padding-small col-padding-small-xs description-container\"> <h4  class=\"font-500 color1\"><span  style=\"color: rgb(115, 172, 247); font-family: Poppins, arial, helvetica, sans-serif;\">Auxiliar de Est\u00e9tica<\/span><\/h4> <p  class=\"\" style=\"text-align: left;\">Pretende aportar los conocimientos necesarios para desarrollar dichas t\u00e9cnicas especializadas del \u00e1mbito de la est\u00e9tica. Este curso de Auxiliar de Est\u00e9tica capacita al alumno en preparar los equipos y realizar operaciones de atenci\u00f3n y acomodaci\u00f3n del cliente en condiciones de calidad, seguridad e higiene, aplicar cuidados est\u00e9ticos aprendidos.\n<br >Modalidad de estudio: SEMIPRESENCIALES \u2013 VIRTUAL<br >\nTiempo Estudio: 1 Semestre Horarios Flexibles<\/p> <\/div> <div  data-type=\"column\" class=\"col-padding-small col-padding-small-xs read-more-container\">  <\/div> <\/div> <\/div>  <div  class=\"col-xs-12 col-sm-6 col-md-6\"> <div  class=\"card no-padding bottom-border-color1\"> <img  decoding=\"async\" class=\"face\" src=\"https:\/\/www.biosinternationalinstitute.com\/wp-content\/uploads\/2023\/04\/cropped-medicina-estetica.webp\" title=\"cropped-medicina-estetica.webp\" alt=\"\"> <div  data-type=\"column\" class=\"col-padding-small col-padding-small-xs description-container\"> <h4  class=\"font-500 color1\"><span  style=\"font-family: Poppins, arial, helvetica, sans-serif; color: rgb(115, 172, 247);\">Auxiliar de Fisioterapia<\/span><\/h4> <p  class=\"\" style=\"text-align: left;\">La principal funci\u00f3n es facilitar todas las tareas del Fisioterapeuta o Doctor de Rehabilitaci\u00f3n para mejorar la salud del paciente.<br >\nModalidad de estudio: SEMIPRESENCIALES \u2013 VIRTUAL<br >\nTiempo Estudio: 1 Semestre     Horarios Flexibles<\/p> <\/div> <div  data-type=\"column\" class=\"col-padding-small col-padding-small-xs read-more-container\">  <\/div> <\/div> <\/div><div  class=\"col-xs-12 col-sm-6 col-md-6\"> <div  class=\"card no-padding bottom-border-color1\"> <img  decoding=\"async\" class=\"face\" src=\"https:\/\/www.biosinternationalinstitute.com\/wp-content\/uploads\/2023\/04\/med.jpg\" title=\"med\" alt=\"\"> <div  data-type=\"column\" class=\"col-padding-small col-padding-small-xs description-container\"> <h4  class=\"font-500 color1\"><span  style=\"color: rgb(115, 172, 247); font-family: Poppins, arial, helvetica, sans-serif;\">T\u00e9cnicas manuales y SPA<\/span><\/h4> <p  class=\"\" style=\"text-align: left;\">Con un m\u00e9todo innovador, te proponemos la formaci\u00f3n m\u00e1s completa, din\u00e1mica y accesible en tratamientos corporales t\u00e9cnicas de masajes y abordajes est\u00e9ticos \u2013 terap\u00e9uticos. Tratamientos, servicios, aroma terapia, masajes anti stress con piedras calientes, bamb\u00fa.<br >\nModalidad de estudio: SEMIPRESENCIALES \u2013 VIRTUAL<br >\nTiempo Estudio: 1 Semestre<br >\nHorarios Flexibles<\/p> <\/div> <div  data-type=\"column\" class=\"col-padding-small col-padding-small-xs read-more-container\">  <\/div> <\/div> <\/div><div  class=\"col-xs-12 col-sm-6 col-md-6\"> <div  class=\"card no-padding bottom-border-color1\"> <img  decoding=\"async\" class=\"face\" src=\"https:\/\/www.biosinternationalinstitute.com\/wp-content\/uploads\/2023\/04\/11.jpg\" title=\"11\" alt=\"\"> <div  data-type=\"column\" class=\"col-padding-small col-padding-small-xs description-container\"> <h4  class=\"font-500 color1\"><span  style=\"color: rgb(115, 172, 247); font-family: Poppins, arial, helvetica, sans-serif;\">Bioseguridad en cosmetolog\u00eda e inyectolog\u00eda<\/span><\/h4> <p  class=\"\" style=\"text-align: left;\">Modalidad de estudio: SEMIPRESENCIALES \u2013 VIRTUAL<br >\nTiempo Estudio: 1 Semestre<br >\nHorarios Flexibles<br >\nT\u00e9cnica tensora facial con Yesoterapia<\/p> <\/div> <div  data-type=\"column\" class=\"col-padding-small col-padding-small-xs read-more-container\">  <\/div> <\/div> <\/div><\/div> <\/div> <\/div><div  data-label=\"seminarios\" data-id=\"content--1\" data-export-id=\"content-2\" data-category=\"content\" class=\"content-2 content-section content-section-spacing\" id=\"seminarios\" style=\"background-color: rgb(245, 250, 253);\"><div > <div  class=\"row middle-xs\"><div  class=\"col-sm-5 bg-image shadow-large-black\" data-bg=\"image\" style=\"background-image: url(&quot;https:\/\/www.biosinternationalinstitute.com\/wp-content\/uploads\/2023\/04\/cropped-Imagenes_estetica_corporal_integral.png&quot;);\"><\/div> <div  class=\"col-sm-7 full-col-left-padding full-col-right-padding\"> <div  class=\"row\"> <div  data-type=\"column\" class=\"space-bottom-small content-title-col\">  <h2  class=\"\">Seminarios Corporales<\/h2> <p  class=\"\">\ud83d\udd39Yesoteria corporal<br >\n \t\ud83d\udd39Hidrolipoclasia est\u00e9tica<br >\n \t\ud83d\udd39Sueroterapia t\u00e9cnica y aplicaci\u00f3n<br >\n \t\ud83d\udd39Reafirmaci\u00f3n y realce en gl\u00fateos de impacto<br >\n \t\ud83d\udd39Vitamina c  y manejo de  principios activos en gl\u00fateos<br >\ud83d\udd39Intradermoterapia (mesoterapia corporal) con diferentes principios activos\n<br ><br ><br >\n \t<span  style=\"font-weight: 700;\">T\u00c9CNICA DE MADEROTERAPIA EN TRATAMIENTOS CORPORALES<\/span><br >\n \t\ud83d\udd39Drenaje linf\u00e1tico manual terap\u00e9utico<br >\n \t\ud83d\udd39Cierre de costillas y moldeamiento<br >\n \t\ud83d\udd39Vendaje funcional kinesiotaping<br >\n \t\ud83d\udd39T\u00e9cnica de depilaci\u00f3n e hidrataci\u00f3n<br >\n \t\ud83d\udd39Manejo y tratamiento de estr\u00edas<br >\n \t\ud83d\udd39Post operatorio Corporal<br >\n \t\ud83d\udd39Manejo de aparatolog\u00eda corporal<\/p><\/div> <\/div> <div  class=\"row spaced-cols\" data-type=\"row\">    <div  class=\"col-xs-6\" data-type=\"column\"> <\/div> <\/div><\/div> <\/div><\/div> <\/div><div  data-label=\"faciales\" data-id=\"content--2\" data-export-id=\"content-3\" data-category=\"content\" class=\"content-3 content-section content-section-spacing\" id=\"faciales\" style=\"background-color: rgb(255, 255, 255);\"><div > <div  class=\"row middle-xs\"><div  class=\"col-sm-7 full-col-left-padding full-col-right-padding\"> <div  class=\"row\"><div  data-type=\"column\" class=\"space-bottom-small content-title-col\">  <h2  class=\"\">Seminarios Faciales<\/h2> <p  class=\"\">\ud83d\udd39Limpieza facial en diferentes tipos de cutis<br >\n \t\ud83d\udd39Curso de manejo de \u00e1cidos en cabina<br >\n \t\ud83d\udd39Tratamiento acn\u00e9 y ros\u00e1cea<br >\n \t\ud83d\udd39Microneedling (Dermaplanig) en tratamientos faciales<br >\n \t\ud83d\udd39Plasma alta hidrataci\u00f3n rico en plaquetas<br >\n \t\ud83d\udd39T\u00e9cnica de rejuvenecimiento y despigmentaci\u00f3n aplicada con glicoterapia<br >\n \t\ud83d\udd39Manejo de aparatolog\u00eda<br >\n \t\ud83d\udd39Bioseguridad en cosmetolog\u00eda<\/p><\/div> <\/div> <div  class=\"row spaced-cols\" data-type=\"row\">  <div  class=\"col-xs-6\" data-type=\"column\"> <\/div>   <\/div><\/div> <div  class=\"col-sm-5 bg-image shadow-large-black revert-classes-holder\" data-bg=\"image\" style=\"background-image: url(&quot;https:\/\/www.biosinternationalinstitute.com\/wp-content\/uploads\/2023\/04\/cropped-shutterstock_1370288738copy3-scaled-1.jpg&quot;);\"><\/div><\/div> <\/div><\/div>","protected":false},"excerpt":{"rendered":"<p>Auxiliar de Est\u00e9tica Pretende aportar los conocimientos necesarios para desarrollar dichas t\u00e9cnicas especializadas del \u00e1mbito de la est\u00e9tica. Este curso de Auxiliar de Est\u00e9tica capacita al alumno en preparar los equipos y realizar operaciones de atenci\u00f3n y acomodaci\u00f3n del cliente en condiciones de calidad, seguridad e higiene, aplicar cuidados est\u00e9ticos aprendidos. Modalidad de estudio: SEMIPRESENCIALES&hellip; <br \/> <a class=\"read-more\" href=\"https:\/\/www.biosinternationalinstitute.com\/en\/educacion\/\">Read more<\/a><\/p>","protected":false},"author":1,"featured_media":0,"parent":0,"menu_order":0,"comment_status":"closed","ping_status":"closed","template":"pro\/page-templates\/full-width-page.php","meta":{"footnotes":""},"class_list":["post-583","page","type-page","status-publish","hentry"],"_links":{"self":[{"href":"https:\/\/www.biosinternationalinstitute.com\/en\/wp-json\/wp\/v2\/pages\/583","targetHints":{"allow":["GET"]}}],"collection":[{"href":"https:\/\/www.biosinternationalinstitute.com\/en\/wp-json\/wp\/v2\/pages"}],"about":[{"href":"https:\/\/www.biosinternationalinstitute.com\/en\/wp-json\/wp\/v2\/types\/page"}],"author":[{"embeddable":true,"href":"https:\/\/www.biosinternationalinstitute.com\/en\/wp-json\/wp\/v2\/users\/1"}],"replies":[{"embeddable":true,"href":"https:\/\/www.biosinternationalinstitute.com\/en\/wp-json\/wp\/v2\/comments?post=583"}],"version-history":[{"count":29,"href":"https:\/\/www.biosinternationalinstitute.com\/en\/wp-json\/wp\/v2\/pages\/583\/revisions"}],"predecessor-version":[{"id":902,"href":"https:\/\/www.biosinternationalinstitute.com\/en\/wp-json\/wp\/v2\/pages\/583\/revisions\/902"}],"wp:attachment":[{"href":"https:\/\/www.biosinternationalinstitute.com\/en\/wp-json\/wp\/v2\/media?parent=583"}],"curies":[{"name":"wp","href":"https:\/\/api.w.org\/{rel}","templated":true}]}}